{"id":3,"date":"2026-01-19T14:12:16","date_gmt":"2026-01-19T12:12:16","guid":{"rendered":"\/?page_id=3"},"modified":"2026-02-02T14:16:28","modified_gmt":"2026-02-02T13:16:28","slug":"datenschutzerklaerung","status":"publish","type":"page","link":"https:\/\/entwicklungsberatung-eb.de\/?page_id=3","title":{"rendered":"Datenschutzerkl\u00e4rung"},"content":{"rendered":"\n<h2 class=\"wp-block-heading\">Wer wir sind<\/h2>\n\n\n\n<p>Die Adresse unserer Website ist: entwicklungsberatung-eb.de<\/p>\n\n\n\n<h4 class=\"wp-block-heading\">1.1 Was sind personenbezogene Daten<\/h4>\n\n\n\n<p>Personenbezogene Daten sind Angaben, die die Identit\u00e4t des Nutzers offenlegen oder offenlegen k\u00f6nnen. Wir halten uns an den Grundsatz der Datenvermeidung. Es wird soweit wie m\u00f6glich auf die Erhebung von personenbezogenen Daten verzichtet.<\/p>\n\n\n\n<h4 class=\"wp-block-heading\">1.2 Umgang mit personenbezogenen Daten<\/h4>\n\n\n\n<p>Personenbezogene Daten dienen ausschlie\u00dflich der Vertragsbegr\u00fcndung, inhaltlichen Ausgestaltung, Durchf\u00fchrung oder Abwicklung des Vertragsverh\u00e4ltnisses (Art. 6 I S. 1 b DSGVO).<\/p>\n\n\n\n<p>Dar\u00fcber hinaus werden personenbezogene Daten nur verarbeitet, soweit wir hierzu Ihre Einwilligung erhalten haben (Art. 6 I S. 1 a DSGVO) bzw. es sich um Daten handelt, deren Verarbeitung f\u00fcr unsere berechtigten Interessen erforderlich ist und soweit die Abw\u00e4gung ergibt, dass keine \u00fcberwiegenden Interessen, Grundrechte oder Grundfreiheiten Ihrerseits entgegenstehen (Art. 6 I S. 1 f DSGVO).<\/p>\n\n\n\n<p>Wir k\u00f6nnen zur Verarbeitung Ihrer personenbezogenen Daten Auftragsverarbeiter verwenden, werden die personenbezogenen Daten dar\u00fcber hinaus aber grunds\u00e4tzlich nicht an Dritte weitergeben.<\/p>\n\n\n\n<p>Lediglich zur Vertragserf\u00fcllung werden die Daten an das mit der Lieferung beauftragte Versandunternehmen weitergegeben, soweit dies zur Lieferung bestellter Waren erforderlich ist. Zur Abwicklung von Zahlungen werden die hierf\u00fcr erforderlichen Zahlungsdaten an das mit der Zahlung beauftragte Kreditinstitut und ggf. den beauftragten und gew\u00e4hlten Zahlungsdienstleister weitergegeben.<\/p>\n\n\n\n<p>Die Verarbeitung Ihrer personenbezogenen Daten erfolgt ausschlie\u00dflich innerhalb der EU, soweit nachfolgend nicht etwas Abweichendes dargelegt ist.<\/p>\n\n\n\n<h4 class=\"wp-block-heading\">1.3 Nutzungsdaten<\/h4>\n\n\n\n<p>Beim Besuch der Webseite werden allgemeine technische Informationen erhoben. Dies sind die verwendete IP-Adresse, Uhrzeit, Dauer des Besuchs, Browsertyp und ggf. die Herkunftsseite. Diese Nutzungsdaten werden technisch bedingt in einem Logfile registriert und k\u00f6nnen zum Zwecke der Statistikauswertung dieser Webseite benutzt und gespeichert werden. Eine Verkn\u00fcpfung dieser Nutzungsdaten mit Ihren weiteren personenbezogenen Daten findet nicht statt.<\/p>\n\n\n\n<h4 class=\"wp-block-heading\">1.4 Dauer der Speicherung<\/h4>\n\n\n\n<p>Wir speichern Ihre personenbezogenen Daten nach der Beendigung des Zwecks, f\u00fcr welchen die Daten erhoben wurden, nur solange, wie dies auf Grund der gesetzlichen (insbesondere steuerrechtlichen) Vorschriften erforderlich ist.<\/p>\n\n\n\n<h3 class=\"wp-block-heading\">2. Ihre Rechte<\/h3>\n\n\n\n<h4 class=\"wp-block-heading\">2.1 Auskunft<\/h4>\n\n\n\n<p>Sie k\u00f6nnen von uns eine Auskunft dar\u00fcber verlangen, ob wir personenbezogene Daten von Ihnen verarbeiten und soweit dies der Fall ist haben Sie ein Recht auf Auskunft \u00fcber diese personenbezogenen Daten und auf die in Art. 15 DSGVO genannten weiteren Informationen.<\/p>\n\n\n\n<h4 class=\"wp-block-heading\">2.2 Recht auf Berichtigung<\/h4>\n\n\n\n<p>Sie haben das Recht auf Berichtigung der Sie betreffenden unrichtigen personenbezogenen Daten und k\u00f6nnen gem\u00e4\u00df Art. 16 DSGVO die Vervollst\u00e4ndigung unvollst\u00e4ndiger personenbezogener Daten verlangen.<\/p>\n\n\n\n<h4 class=\"wp-block-heading\">2.3 Recht auf L\u00f6schung<\/h4>\n\n\n\n<p>Sie haben das Recht von uns zu verlangen, dass die Sie betreffenden personenbezogenen Daten unverz\u00fcglich gel\u00f6scht werden. Wir sind verpflichtet diese unverz\u00fcglich zu l\u00f6schen, insbesondere sofern einer der folgenden Gr\u00fcnde zutrifft:<\/p>\n\n\n\n<ul class=\"wp-block-list\">\n<li>Ihre personenbezogenen Daten sind f\u00fcr die Zwecke, f\u00fcr die sie erhoben oder auf sonstige Weise verarbeitet wurden, nicht mehr notwendig.<\/li>\n\n\n\n<li>Sie widerrufen ihre Einwilligung, auf die sich die Verarbeitung Ihrer Daten st\u00fctzte, und es fehlt an einer anderweitigen Rechtsgrundlage f\u00fcr die Verarbeitung.<\/li>\n\n\n\n<li>Ihre Daten wurden unrechtm\u00e4\u00dfig verarbeitet.<\/li>\n<\/ul>\n\n\n\n<p>Das Recht auf L\u00f6schung besteht nicht, soweit Ihre personenbezogenen Daten zur Geltendmachung, Aus\u00fcbung oder Verteidigung unserer Rechtsanspr\u00fcche erforderlich sind.<\/p>\n\n\n\n<h4 class=\"wp-block-heading\">2.4 Recht auf Einschr\u00e4nkung der Verarbeitung<\/h4>\n\n\n\n<p>Sie haben das Recht von uns die Einschr\u00e4nkung der Verarbeitung Ihrer personenbezogenen Daten zu verlangen, wenn<\/p>\n\n\n\n<ul class=\"wp-block-list\">\n<li>Sie die Richtigkeit der Daten bestreiten und wir daher die Richtigkeit \u00fcberpr\u00fcfen,<\/li>\n\n\n\n<li>die Verarbeitung unrechtm\u00e4\u00dfig ist und Sie die L\u00f6schung ablehnen und stattdessen die Einschr\u00e4nkung der Nutzung verlangen<\/li>\n\n\n\n<li>wir die Daten nicht l\u00e4nger ben\u00f6tigen, Sie diese jedoch zur Geltendmachung, Aus\u00fcbung oder Verteidigung von Rechtsanspr\u00fcchen ben\u00f6tigen,<\/li>\n\n\n\n<li>Sie Widerspruch gegen die Verarbeitung Ihrer Daten eingelegt haben, und noch nicht feststeht, ob unsere berechtigten Gr\u00fcnde gegen\u00fcber Ihren Gr\u00fcnden \u00fcberwiegen.<\/li>\n<\/ul>\n\n\n\n<h4 class=\"wp-block-heading\">2.5 Recht auf Daten\u00fcbertragbarkeit<\/h4>\n\n\n\n<p>Sie haben das Recht die Sie betreffenden personenbezogenen Daten, die Sie uns bereitgestellt haben, in einem strukturierten, g\u00e4ngigen und maschinenlesbaren Format zu erhalten und Sie haben das Recht, diese Daten einem anderen Verantwortlichen ohne Behinderung durch uns zu \u00fcbermitteln, sofern die Verarbeitung auf einer Einwilligung oder einem Vertrag beruht und die Verarbeitung bei uns mithilfe automatisierter Verfahren erfolgt.<\/p>\n\n\n\n<h4 class=\"wp-block-heading\">2.6 Widerrufsrecht<\/h4>\n\n\n\n<p>Soweit die Verarbeitung Ihrer personenbezogenen Daten auf einer Einwilligung beruht, haben Sie das Recht diese Einwilligung jederzeit zu widerrufen.<\/p>\n\n\n\n<h4 class=\"wp-block-heading\">2.7 Allgemeines und Beschwerderecht<\/h4>\n\n\n\n<p>Die Aus\u00fcbung Ihrer vorstehenden Rechte ist f\u00fcr Sie grunds\u00e4tzlich kostenlos. Sie haben das Recht sich bei Beschwerden direkt an die f\u00fcr uns zust\u00e4ndige Aufsichtsbeh\u00f6rde, den Landesdatenschutzbeauftragen, zu wenden.<\/p>\n\n\n\n<h3 class=\"wp-block-heading\">3. Datensicherheit<\/h3>\n\n\n\n<p>S\u00e4mtliche Daten auf unserer Website werden durch technische und organisatorische Ma\u00dfnahmen gegen Verlust, Zerst\u00f6rung, Zugriff, Ver\u00e4nderung und Verbreitung gesichert.<\/p>\n\n\n\n<h3 class=\"wp-block-heading\">4. Pr\u00e4senz auf Social Media Plattformen<\/h3>\n\n\n\n<p>Wir nutzen nachfolgende Social Media Plattform zur Unternehmensdarstellung und Kommunikation (auf die nachfolgend verlinkten Datenschutzerkl\u00e4rungen und OptOut-M\u00f6glichkeiten wird ausdr\u00fccklich Bezug genommen).<\/p>\n\n\n\n<p>whatsApp Business; WhatsApp Ireland Limited; Attn: Privacy Policy, Merrion Road, Dublin 4, D04 X2K5 Irland <a href=\"https:\/\/www.whatsapp.com\/legal\/business-app-privacy-policy\">https:\/\/www.whatsapp.com\/legal\/business-app-privacy-policy<\/a><\/p>\n\n\n\n<p><\/p>\n\n\n\n<p>Diese Social-Media-Plattform kann ggf. personenbezogene Daten au\u00dferhalb der EU verarbeiten, wir verweisen insoweit auf die vorstehenden Datenschutzerkl\u00e4rungen der Social Media Plattform.<\/p>\n\n\n\n<p>Die jeweiligen Social-Media-Plattformen k\u00f6nnen ggf. aus Ihrem Nutzungsverhalten und den sich hieraus ergebenden Interessen uns Aktionen Ihrerseits Nutzungsprofile erstellen und Cookies auf Ihrem Rechner speichern, in denen Ihr Nutzungsverhalten gespeichert ist. Wenn Sie auf der jeweiligen Social-Media-Plattform einen Account besitzen und eingeloggt sind, kann Ihr Nutzungsverhalten sogar ger\u00e4teunabh\u00e4ngig gespeichert werden. Ihr Nutzungsprofil kann verwendet werden, um z.B. Werbeanzeigen zu platzieren, die mutma\u00dflich Ihren Interessen entsprechen.<\/p>\n\n\n\n<p>Wir verarbeiten die personenbezogenen Daten ausschlie\u00dflich zur Kommunikation mit Ihnen \u00fcber die von Ihnen gew\u00e4hlte Social-Media-Plattform sowie zur Optimierung unserer Onlinepr\u00e4senz und achten darauf, dass hier keine Interessen Ihrerseits betroffen sind, welche dieses berechtigte Interesse unsererseits \u00fcberwiegen (Art. 6 I S. 1 f DSGVO). Soweit Sie bereits dem jeweiligen Betreiber der Social-Media-Plattform eine wirksame Einwilligung zur entsprechenden Datenverarbeitung gegeben haben, erfolgt die Verarbeitung Ihrer personenbezogenen Daten auch auf Basis dieser Einwilligung (Art. 6 I S. 1 a DSGVO).<\/p>\n\n\n\n<h3 class=\"wp-block-heading\">5. Kontaktaufnahme<\/h3>\n\n\n\n<p>Zur Kontaktaufnahme bez\u00fcglich des Datenschutzes k\u00f6nnen Sie sich gern an uns unter Verwendung der nachfolgenden Kontaktm\u00f6glichkeiten wenden. Verantwortlicher im Sinne der DSGVO:<\/p>\n\n\n\n<p>Entwicklungsberatung Eva Brandt<\/p>\n\n\n\n<p>Inhaber: Eva Mareike Brandt<\/p>\n\n\n\n<p>Asternweg 3<\/p>\n\n\n\n<p>49610 Quakenbr\u00fcck<\/p>\n\n\n\n<p>E-Mail: kontakt@entwicklungsberatung-eb.de<\/p>\n\n\n\n<p>Tel: 0163\/1500158<\/p>\n","protected":false},"excerpt":{"rendered":"<p>Wer wir sind Die Adresse unserer Website ist: entwicklungsberatung-eb.de 1.1 Was sind personenbezogene Daten Personenbezogene Daten sind Angaben, die die Identit\u00e4t des Nutzers offenlegen oder offenlegen k\u00f6nnen. Wir halten uns an den Grundsatz der Datenvermeidung. Es wird soweit wie m\u00f6glich auf die Erhebung von personenbezogenen Daten verzichtet. 1.2 Umgang mit personenbezogenen Daten Personenbezogene Daten dienen [&hellip;]<\/p>\n","protected":false},"author":1,"featured_media":0,"parent":0,"menu_order":0,"comment_status":"closed","ping_status":"open","template":"","meta":{"footnotes":""},"class_list":["post-3","page","type-page","status-publish","hentry"],"_links":{"self":[{"href":"https:\/\/entwicklungsberatung-eb.de\/index.php?rest_route=\/wp\/v2\/pages\/3","targetHints":{"allow":["GET"]}}],"collection":[{"href":"https:\/\/entwicklungsberatung-eb.de\/index.php?rest_route=\/wp\/v2\/pages"}],"about":[{"href":"https:\/\/entwicklungsberatung-eb.de\/index.php?rest_route=\/wp\/v2\/types\/page"}],"author":[{"embeddable":true,"href":"https:\/\/entwicklungsberatung-eb.de\/index.php?rest_route=\/wp\/v2\/users\/1"}],"replies":[{"embeddable":true,"href":"https:\/\/entwicklungsberatung-eb.de\/index.php?rest_route=%2Fwp%2Fv2%2Fcomments&post=3"}],"version-history":[{"count":3,"href":"https:\/\/entwicklungsberatung-eb.de\/index.php?rest_route=\/wp\/v2\/pages\/3\/revisions"}],"predecessor-version":[{"id":36,"href":"https:\/\/entwicklungsberatung-eb.de\/index.php?rest_route=\/wp\/v2\/pages\/3\/revisions\/36"}],"wp:attachment":[{"href":"https:\/\/entwicklungsberatung-eb.de\/index.php?rest_route=%2Fwp%2Fv2%2Fmedia&parent=3"}],"curies":[{"name":"wp","href":"https:\/\/api.w.org\/{rel}","templated":true}]}}